{"id":1735,"date":"2024-12-23T23:11:59","date_gmt":"2024-12-23T22:11:59","guid":{"rendered":"https:\/\/shahrzadart.ch\/?page_id=1735"},"modified":"2025-04-13T18:32:51","modified_gmt":"2025-04-13T16:32:51","slug":"gutschein","status":"publish","type":"page","link":"https:\/\/shahrzadart.ch\/en\/gutschein","title":{"rendered":"Gutschein"},"content":{"rendered":"\t\t<div data-elementor-type=\"wp-page\" data-elementor-id=\"1735\" class=\"elementor elementor-1735\" data-elementor-post-type=\"page\">\n\t\t\t\t\t\t<section class=\"elementor-section elementor-top-section elementor-element elementor-element-a5601e1 elementor-section-full_width elementor-section-height-default elementor-section-height-default\" data-id=\"a5601e1\" data-element_type=\"section\" data-e-type=\"section\">\n\t\t\t\t\t\t\t<div class=\"elementor-background-overlay\"><\/div>\n\t\t\t\t\t\t\t<div class=\"elementor-container elementor-column-gap-default\">\n\t\t\t\t\t<div class=\"elementor-column elementor-col-100 elementor-top-column elementor-element elementor-element-bb5aaf8\" data-id=\"bb5aaf8\" data-element_type=\"column\" data-e-type=\"column\" data-settings=\"{&quot;background_background&quot;:&quot;classic&quot;}\">\n\t\t\t<div class=\"elementor-widget-wrap elementor-element-populated\">\n\t\t\t\t\t\t<div class=\"elementor-element elementor-element-0c03287 elementor-cta--skin-classic elementor-animated-content elementor-bg-transform elementor-bg-transform-zoom-in elementor-widget elementor-widget-call-to-action\" data-id=\"0c03287\" data-element_type=\"widget\" data-e-type=\"widget\" data-widget_type=\"call-to-action.default\">\n\t\t\t\t<div class=\"elementor-widget-container\">\n\t\t\t\t\t\t\t<div class=\"elementor-cta\">\n\t\t\t\t\t<div class=\"elementor-cta__bg-wrapper\">\n\t\t\t\t<div class=\"elementor-cta__bg elementor-bg\" style=\"background-image: url(https:\/\/shahrzadart.ch\/wp-content\/uploads\/2022\/11\/WhatsApp-Image-2022-11-20-at-07.58.28.png);\" role=\"img\" aria-label=\"WhatsApp Image 2022-11-20 at 07.58.28\"><\/div>\n\t\t\t\t<div class=\"elementor-cta__bg-overlay\"><\/div>\n\t\t\t<\/div>\n\t\t\t\t\t\t\t\t<\/div>\n\t\t\t\t\t\t<\/div>\n\t\t\t\t<\/div>\n\t\t\t\t\t<\/div>\n\t\t<\/div>\n\t\t\t\t\t<\/div>\n\t\t<\/section>\n\t\t\t\t<section class=\"elementor-section elementor-top-section elementor-element elementor-element-b35f749 elementor-section-boxed elementor-section-height-default elementor-section-height-default\" data-id=\"b35f749\" data-element_type=\"section\" data-e-type=\"section\">\n\t\t\t\t\t\t<div class=\"elementor-container elementor-column-gap-default\">\n\t\t\t\t\t<div class=\"elementor-column elementor-col-100 elementor-top-column elementor-element elementor-element-6e8743f\" data-id=\"6e8743f\" data-element_type=\"column\" data-e-type=\"column\">\n\t\t\t<div class=\"elementor-widget-wrap elementor-element-populated\">\n\t\t\t\t\t\t<div class=\"elementor-element elementor-element-927539b elementor-flip-box--effect-flip elementor-flip-box--direction-up elementor-widget elementor-widget-flip-box\" data-id=\"927539b\" data-element_type=\"widget\" data-e-type=\"widget\" data-widget_type=\"flip-box.default\">\n\t\t\t\t<div class=\"elementor-widget-container\">\n\t\t\t\t\t\t\t<div class=\"elementor-flip-box\" tabindex=\"0\">\n\t\t\t<div class=\"elementor-flip-box__layer elementor-flip-box__front\">\n\t\t\t\t<div class=\"elementor-flip-box__layer__overlay\">\n\t\t\t\t\t<div class=\"elementor-flip-box__layer__inner\">\n\t\t\t\t\t\t\t\t\t\t\t\t\t<div class=\"elementor-icon-wrapper elementor-view-default\">\n\t\t\t\t\t\t\t\t<div class=\"elementor-icon\">\n\t\t\t\t\t\t\t\t\t<i aria-hidden=\"true\" class=\"fas fa-gift\"><\/i>\t\t\t\t\t\t\t\t<\/div>\n\t\t\t\t\t\t\t<\/div>\n\t\t\t\t\t\t\n\t\t\t\t\t\t\t\t\t\t\t\t\t<h3 class=\"elementor-flip-box__layer__title\">\n\t\t\t\t\t\t\t\tGutschein f\u00fcr Tanzkurs\t\t\t\t\t\t\t<\/h3>\n\t\t\t\t\t\t\n\t\t\t\t\t\t\t\t\t\t\t\t\t<div class=\"elementor-flip-box__layer__description\">\n\t\t\t\t\t\t\t\tVerschenken Sie unvergessliche Momente!\t\t\t\t\t\t\t<\/div>\n\t\t\t\t\t\t\t\t\t\t\t<\/div>\n\t\t\t\t<\/div>\n\t\t\t<\/div>\n\t\t\t<div class=\"elementor-flip-box__layer elementor-flip-box__back\">\n\t\t\t<div class=\"elementor-flip-box__layer__overlay\">\n\t\t\t\t<div class=\"elementor-flip-box__layer__inner\">\n\t\t\t\t\t\t\t\t\t\t\t<h3 class=\"elementor-flip-box__layer__title\">\n\t\t\t\t\t\t\t1 Stunde Tanzkurs f\u00fcr nur CHF 50.- \t\t\t\t\t\t<\/h3>\n\t\t\t\t\t\n\t\t\t\t\t\t\t\t\t\t\t<div class=\"elementor-flip-box__layer__description\">\n\t\t\t\t\t\t\tBitte f\u00fcllen Sie das untenstehende Formular aus, um Ihren Gutschein zu bestellen. Tragen Sie den Namen der Person, den Anlass (z. B. Geburtstag) ein. Die Bezahlung kann bequem per Twint erfolgen. \t\t\t\t\t\t<\/div>\n\t\t\t\t\t\n\t\t\t\t\t\t\t\t<\/div>\n\t\t<\/div>\n\t\t<\/div>\n\t\t<\/div>\n\t\t\t\t\t\t<\/div>\n\t\t\t\t<\/div>\n\t\t\t\t\t<\/div>\n\t\t<\/div>\n\t\t\t\t\t<\/div>\n\t\t<\/section>\n\t\t\t\t<section class=\"elementor-section elementor-top-section elementor-element elementor-element-e846f4c elementor-section-boxed elementor-section-height-default elementor-section-height-default\" data-id=\"e846f4c\" data-element_type=\"section\" data-e-type=\"section\">\n\t\t\t\t\t\t<div class=\"elementor-container elementor-column-gap-default\">\n\t\t\t\t\t<div class=\"elementor-column elementor-col-100 elementor-top-column elementor-element elementor-element-2383935\" data-id=\"2383935\" data-element_type=\"column\" data-e-type=\"column\">\n\t\t\t<div class=\"elementor-widget-wrap elementor-element-populated\">\n\t\t\t\t\t\t<div class=\"elementor-element elementor-element-ca2a3b0 elementor-button-align-stretch elementor-widget elementor-widget-form\" data-id=\"ca2a3b0\" data-element_type=\"widget\" data-e-type=\"widget\" data-settings=\"{&quot;step_next_label&quot;:&quot;N\\u00e4chster&quot;,&quot;step_previous_label&quot;:&quot;Voriger&quot;,&quot;button_width&quot;:&quot;100&quot;,&quot;step_type&quot;:&quot;number_text&quot;,&quot;step_icon_shape&quot;:&quot;circle&quot;}\" data-widget_type=\"form.default\">\n\t\t\t\t<div class=\"elementor-widget-container\">\n\t\t\t\t\t\t\t<form class=\"elementor-form\" method=\"post\" name=\"Formular 1\" aria-label=\"Formular 1\">\n\t\t\t<input type=\"hidden\" name=\"post_id\" value=\"1735\"\/>\n\t\t\t<input type=\"hidden\" name=\"form_id\" value=\"ca2a3b0\"\/>\n\t\t\t<input type=\"hidden\" name=\"referer_title\" value=\"Gutschein - Tanzen Schweiz Z\u00fcrich\" \/>\n\n\t\t\t\t\t\t\t<input type=\"hidden\" name=\"queried_id\" value=\"1735\"\/>\n\t\t\t\n\t\t\t<div class=\"elementor-form-fields-wrapper elementor-labels-above\">\n\t\t\t\t\t\t\t\t<div class=\"elementor-field-type-email elementor-field-group elementor-column elementor-field-group-email elementor-col-100 elementor-field-required\">\n\t\t\t\t\t\t\t\t\t\t\t\t<label for=\"form-field-email\" class=\"elementor-field-label\">\n\t\t\t\t\t\t\t\tE-Mail\t\t\t\t\t\t\t<\/label>\n\t\t\t\t\t\t\t\t\t\t\t\t\t\t<input size=\"1\" type=\"email\" name=\"form_fields[email]\" id=\"form-field-email\" class=\"elementor-field elementor-size-sm  elementor-field-textual\" placeholder=\"E-Mail\" required=\"required\">\n\t\t\t\t\t\t\t\t\t\t\t<\/div>\n\t\t\t\t\t\t\t\t<div class=\"elementor-field-type-text elementor-field-group elementor-column elementor-field-group-field_71bd6c8 elementor-col-50\">\n\t\t\t\t\t\t\t\t\t\t\t\t<label for=\"form-field-field_71bd6c8\" class=\"elementor-field-label\">\n\t\t\t\t\t\t\t\t Vorname\t\t\t\t\t\t\t<\/label>\n\t\t\t\t\t\t\t\t\t\t\t\t\t\t<input size=\"1\" type=\"text\" name=\"form_fields[field_71bd6c8]\" id=\"form-field-field_71bd6c8\" class=\"elementor-field elementor-size-sm  elementor-field-textual\" placeholder=\"Vorname\">\n\t\t\t\t\t\t\t\t\t\t\t<\/div>\n\t\t\t\t\t\t\t\t<div class=\"elementor-field-type-text elementor-field-group elementor-column elementor-field-group-field_d8df782 elementor-col-50\">\n\t\t\t\t\t\t\t\t\t\t\t\t<label for=\"form-field-field_d8df782\" class=\"elementor-field-label\">\n\t\t\t\t\t\t\t\tNachname\t\t\t\t\t\t\t<\/label>\n\t\t\t\t\t\t\t\t\t\t\t\t\t\t<input size=\"1\" type=\"text\" name=\"form_fields[field_d8df782]\" id=\"form-field-field_d8df782\" class=\"elementor-field elementor-size-sm  elementor-field-textual\" placeholder=\"Nachname\">\n\t\t\t\t\t\t\t\t\t\t\t<\/div>\n\t\t\t\t\t\t\t\t<div class=\"elementor-field-type-text elementor-field-group elementor-column elementor-field-group-field_0c4897e elementor-col-100\">\n\t\t\t\t\t\t\t\t\t\t\t\t<label for=\"form-field-field_0c4897e\" class=\"elementor-field-label\">\n\t\t\t\t\t\t\t\tGutschein ist f\u00fcr:\t\t\t\t\t\t\t<\/label>\n\t\t\t\t\t\t\t\t\t\t\t\t\t\t<input size=\"1\" type=\"text\" name=\"form_fields[field_0c4897e]\" id=\"form-field-field_0c4897e\" class=\"elementor-field elementor-size-sm  elementor-field-textual\" placeholder=\"Name \">\n\t\t\t\t\t\t\t\t\t\t\t<\/div>\n\t\t\t\t\t\t\t\t<div class=\"elementor-field-type-textarea elementor-field-group elementor-column elementor-field-group-message elementor-col-100 elementor-field-required\">\n\t\t\t\t\t\t\t\t\t\t\t\t<label for=\"form-field-message\" class=\"elementor-field-label\">\n\t\t\t\t\t\t\t\tNachricht\t\t\t\t\t\t\t<\/label>\n\t\t\t\t\t\t<textarea class=\"elementor-field-textual elementor-field  elementor-size-sm\" name=\"form_fields[message]\" id=\"form-field-message\" rows=\"4\" placeholder=\"Nachricht\" required=\"required\"><\/textarea>\t\t\t\t<\/div>\n\t\t\t\t\t\t\t\t<div class=\"elementor-field-type-text\">\n\t\t\t\t\t<input size=\"1\" type=\"text\" name=\"form_fields[field_2c66586]\" id=\"form-field-field_2c66586\" class=\"elementor-field elementor-size-sm \" style=\"display:none !important;\">\t\t\t\t<\/div>\n\t\t\t\t\t\t\t\t<div class=\"elementor-field-group elementor-column elementor-field-type-submit elementor-col-100 e-form__buttons\">\n\t\t\t\t\t<button class=\"elementor-button elementor-size-sm\" type=\"submit\">\n\t\t\t\t\t\t<span class=\"elementor-button-content-wrapper\">\n\t\t\t\t\t\t\t\t\t\t\t\t\t\t\t\t\t\t\t\t\t\t<span class=\"elementor-button-text\">Senden<\/span>\n\t\t\t\t\t\t\t\t\t\t\t\t\t<\/span>\n\t\t\t\t\t<\/button>\n\t\t\t\t<\/div>\n\t\t\t<\/div>\n\t\t<\/form>\n\t\t\t\t\t\t<\/div>\n\t\t\t\t<\/div>\n\t\t\t\t\t<\/div>\n\t\t<\/div>\n\t\t\t\t\t<\/div>\n\t\t<\/section>\n\t\t\t\t<\/div>\n\t\t","protected":false},"excerpt":{"rendered":"<p>Gutschein f\u00fcr Tanzkurs Verschenken Sie unvergessliche Momente! 1 Stunde Tanzkurs f\u00fcr nur CHF 50.- Bitte f\u00fcllen Sie das untenstehende Formular aus, um Ihren Gutschein zu bestellen. Tragen Sie den Namen der Person, den Anlass (z. B. Geburtstag) ein. Die Bezahlung kann bequem per Twint erfolgen.<\/p>","protected":false},"author":1,"featured_media":0,"parent":0,"menu_order":0,"comment_status":"closed","ping_status":"closed","template":"","meta":{"footnotes":""},"class_list":["post-1735","page","type-page","status-publish","hentry"],"yoast_head":"<!-- This site is optimized with the Yoast SEO plugin v27.4 - https:\/\/yoast.com\/product\/yoast-seo-wordpress\/ -->\n<title>Gutschein - Tanzen Schweiz Z\u00fcrich<\/title>\n<meta name=\"robots\" content=\"index, follow, max-snippet:-1, max-image-preview:large, max-video-preview:-1\" \/>\n<link rel=\"canonical\" href=\"https:\/\/shahrzadart.ch\/en\/gutschein\" \/>\n<meta property=\"og:locale\" content=\"en_US\" \/>\n<meta property=\"og:type\" content=\"article\" \/>\n<meta property=\"og:title\" content=\"Gutschein - Tanzen Schweiz Z\u00fcrich\" \/>\n<meta property=\"og:description\" content=\"Gutschein f\u00fcr Tanzkurs Verschenken Sie unvergessliche Momente! 1 Stunde Tanzkurs f\u00fcr nur CHF 50.- Bitte f\u00fcllen Sie das untenstehende Formular aus, um Ihren Gutschein zu bestellen. Tragen Sie den Namen der Person, den Anlass (z. B. Geburtstag) ein. Die Bezahlung kann bequem per Twint erfolgen.\" \/>\n<meta property=\"og:url\" content=\"https:\/\/shahrzadart.ch\/en\/gutschein\" \/>\n<meta property=\"og:site_name\" content=\"Tanzen Schweiz Z\u00fcrich\" \/>\n<meta property=\"article:modified_time\" content=\"2025-04-13T16:32:51+00:00\" \/>\n<meta name=\"twitter:card\" content=\"summary_large_image\" \/>\n<meta name=\"twitter:label1\" content=\"Est. reading time\" \/>\n\t<meta name=\"twitter:data1\" content=\"1 minute\" \/>\n<script type=\"application\/ld+json\" class=\"yoast-schema-graph\">{\"@context\":\"https:\\\/\\\/schema.org\",\"@graph\":[{\"@type\":\"WebPage\",\"@id\":\"https:\\\/\\\/shahrzadart.ch\\\/en\\\/gutschein\",\"url\":\"https:\\\/\\\/shahrzadart.ch\\\/en\\\/gutschein\",\"name\":\"Gutschein - Tanzen Schweiz Z\u00fcrich\",\"isPartOf\":{\"@id\":\"https:\\\/\\\/shahrzadart.ch\\\/en\\\/#website\"},\"datePublished\":\"2024-12-23T22:11:59+00:00\",\"dateModified\":\"2025-04-13T16:32:51+00:00\",\"breadcrumb\":{\"@id\":\"https:\\\/\\\/shahrzadart.ch\\\/en\\\/gutschein#breadcrumb\"},\"inLanguage\":\"en-US\",\"potentialAction\":[{\"@type\":\"ReadAction\",\"target\":[\"https:\\\/\\\/shahrzadart.ch\\\/en\\\/gutschein\"]}]},{\"@type\":\"BreadcrumbList\",\"@id\":\"https:\\\/\\\/shahrzadart.ch\\\/en\\\/gutschein#breadcrumb\",\"itemListElement\":[{\"@type\":\"ListItem\",\"position\":1,\"name\":\"Startseite\",\"item\":\"https:\\\/\\\/shahrzadart.ch\\\/\"},{\"@type\":\"ListItem\",\"position\":2,\"name\":\"Gutschein\"}]},{\"@type\":\"WebSite\",\"@id\":\"https:\\\/\\\/shahrzadart.ch\\\/en\\\/#website\",\"url\":\"https:\\\/\\\/shahrzadart.ch\\\/en\\\/\",\"name\":\"Tanzen Schweiz Z\u00fcrich\",\"description\":\"Tanz Kurse, Frauen Activities, Dancing, Oriental ,Fusion Zumba with Persian Music\",\"publisher\":{\"@id\":\"https:\\\/\\\/shahrzadart.ch\\\/en\\\/#organization\"},\"potentialAction\":[{\"@type\":\"SearchAction\",\"target\":{\"@type\":\"EntryPoint\",\"urlTemplate\":\"https:\\\/\\\/shahrzadart.ch\\\/en\\\/?s={search_term_string}\"},\"query-input\":{\"@type\":\"PropertyValueSpecification\",\"valueRequired\":true,\"valueName\":\"search_term_string\"}}],\"inLanguage\":\"en-US\"},{\"@type\":\"Organization\",\"@id\":\"https:\\\/\\\/shahrzadart.ch\\\/en\\\/#organization\",\"name\":\"Tanzen Schweiz Z\u00fcrich\",\"url\":\"https:\\\/\\\/shahrzadart.ch\\\/en\\\/\",\"logo\":{\"@type\":\"ImageObject\",\"inLanguage\":\"en-US\",\"@id\":\"https:\\\/\\\/shahrzadart.ch\\\/en\\\/#\\\/schema\\\/logo\\\/image\\\/\",\"url\":\"https:\\\/\\\/shahrzadart.ch\\\/wp-content\\\/uploads\\\/2024\\\/12\\\/cropped-no-back-logo-2.png\",\"contentUrl\":\"https:\\\/\\\/shahrzadart.ch\\\/wp-content\\\/uploads\\\/2024\\\/12\\\/cropped-no-back-logo-2.png\",\"width\":512,\"height\":512,\"caption\":\"Tanzen Schweiz Z\u00fcrich\"},\"image\":{\"@id\":\"https:\\\/\\\/shahrzadart.ch\\\/en\\\/#\\\/schema\\\/logo\\\/image\\\/\"}}]}<\/script>\n<!-- \/ Yoast SEO plugin. -->","yoast_head_json":{"title":"Gutschein - Tanzen Schweiz Z\u00fcrich","robots":{"index":"index","follow":"follow","max-snippet":"max-snippet:-1","max-image-preview":"max-image-preview:large","max-video-preview":"max-video-preview:-1"},"canonical":"https:\/\/shahrzadart.ch\/en\/gutschein","og_locale":"en_US","og_type":"article","og_title":"Gutschein - Tanzen Schweiz Z\u00fcrich","og_description":"Gutschein f\u00fcr Tanzkurs Verschenken Sie unvergessliche Momente! 1 Stunde Tanzkurs f\u00fcr nur CHF 50.- Bitte f\u00fcllen Sie das untenstehende Formular aus, um Ihren Gutschein zu bestellen. Tragen Sie den Namen der Person, den Anlass (z. B. Geburtstag) ein. Die Bezahlung kann bequem per Twint erfolgen.","og_url":"https:\/\/shahrzadart.ch\/en\/gutschein","og_site_name":"Tanzen Schweiz Z\u00fcrich","article_modified_time":"2025-04-13T16:32:51+00:00","twitter_card":"summary_large_image","twitter_misc":{"Est. reading time":"1 minute"},"schema":{"@context":"https:\/\/schema.org","@graph":[{"@type":"WebPage","@id":"https:\/\/shahrzadart.ch\/en\/gutschein","url":"https:\/\/shahrzadart.ch\/en\/gutschein","name":"Gutschein - Tanzen Schweiz Z\u00fcrich","isPartOf":{"@id":"https:\/\/shahrzadart.ch\/en\/#website"},"datePublished":"2024-12-23T22:11:59+00:00","dateModified":"2025-04-13T16:32:51+00:00","breadcrumb":{"@id":"https:\/\/shahrzadart.ch\/en\/gutschein#breadcrumb"},"inLanguage":"en-US","potentialAction":[{"@type":"ReadAction","target":["https:\/\/shahrzadart.ch\/en\/gutschein"]}]},{"@type":"BreadcrumbList","@id":"https:\/\/shahrzadart.ch\/en\/gutschein#breadcrumb","itemListElement":[{"@type":"ListItem","position":1,"name":"Startseite","item":"https:\/\/shahrzadart.ch\/"},{"@type":"ListItem","position":2,"name":"Gutschein"}]},{"@type":"WebSite","@id":"https:\/\/shahrzadart.ch\/en\/#website","url":"https:\/\/shahrzadart.ch\/en\/","name":"Tanzen Schweiz Z\u00fcrich","description":"Tanz Kurse, Frauen Activities, Dancing, Oriental ,Fusion Zumba with Persian Music","publisher":{"@id":"https:\/\/shahrzadart.ch\/en\/#organization"},"potentialAction":[{"@type":"SearchAction","target":{"@type":"EntryPoint","urlTemplate":"https:\/\/shahrzadart.ch\/en\/?s={search_term_string}"},"query-input":{"@type":"PropertyValueSpecification","valueRequired":true,"valueName":"search_term_string"}}],"inLanguage":"en-US"},{"@type":"Organization","@id":"https:\/\/shahrzadart.ch\/en\/#organization","name":"Tanzen Schweiz Z\u00fcrich","url":"https:\/\/shahrzadart.ch\/en\/","logo":{"@type":"ImageObject","inLanguage":"en-US","@id":"https:\/\/shahrzadart.ch\/en\/#\/schema\/logo\/image\/","url":"https:\/\/shahrzadart.ch\/wp-content\/uploads\/2024\/12\/cropped-no-back-logo-2.png","contentUrl":"https:\/\/shahrzadart.ch\/wp-content\/uploads\/2024\/12\/cropped-no-back-logo-2.png","width":512,"height":512,"caption":"Tanzen Schweiz Z\u00fcrich"},"image":{"@id":"https:\/\/shahrzadart.ch\/en\/#\/schema\/logo\/image\/"}}]}},"_links":{"self":[{"href":"https:\/\/shahrzadart.ch\/en\/wp-json\/wp\/v2\/pages\/1735","targetHints":{"allow":["GET"]}}],"collection":[{"href":"https:\/\/shahrzadart.ch\/en\/wp-json\/wp\/v2\/pages"}],"about":[{"href":"https:\/\/shahrzadart.ch\/en\/wp-json\/wp\/v2\/types\/page"}],"author":[{"embeddable":true,"href":"https:\/\/shahrzadart.ch\/en\/wp-json\/wp\/v2\/users\/1"}],"replies":[{"embeddable":true,"href":"https:\/\/shahrzadart.ch\/en\/wp-json\/wp\/v2\/comments?post=1735"}],"version-history":[{"count":10,"href":"https:\/\/shahrzadart.ch\/en\/wp-json\/wp\/v2\/pages\/1735\/revisions"}],"predecessor-version":[{"id":3045,"href":"https:\/\/shahrzadart.ch\/en\/wp-json\/wp\/v2\/pages\/1735\/revisions\/3045"}],"wp:attachment":[{"href":"https:\/\/shahrzadart.ch\/en\/wp-json\/wp\/v2\/media?parent=1735"}],"curies":[{"name":"wp","href":"https:\/\/api.w.org\/{rel}","templated":true}]}}