{"id":1026,"date":"2024-08-14T12:10:55","date_gmt":"2024-08-14T10:10:55","guid":{"rendered":"https:\/\/shahrzadart.ch\/?page_id=1026"},"modified":"2025-01-13T20:15:21","modified_gmt":"2025-01-13T19:15:21","slug":"ueber-mich","status":"publish","type":"page","link":"https:\/\/shahrzadart.ch\/de\/ueber-mich","title":{"rendered":"\u00dcber mich"},"content":{"rendered":"\t\t<div data-elementor-type=\"wp-page\" data-elementor-id=\"1026\" class=\"elementor elementor-1026\" data-elementor-post-type=\"page\">\n\t\t\t\t\t\t<section class=\"elementor-section elementor-top-section elementor-element elementor-element-a5918d2 elementor-section-boxed elementor-section-height-default elementor-section-height-default\" data-id=\"a5918d2\" data-element_type=\"section\" data-e-type=\"section\">\n\t\t\t\t\t\t<div class=\"elementor-container elementor-column-gap-default\">\n\t\t\t\t\t<div class=\"elementor-column elementor-col-50 elementor-top-column elementor-element elementor-element-c366511\" data-id=\"c366511\" data-element_type=\"column\" data-e-type=\"column\">\n\t\t\t<div class=\"elementor-widget-wrap elementor-element-populated\">\n\t\t\t\t\t\t<div class=\"elementor-element elementor-element-321c6ec elementor-widget elementor-widget-video\" data-id=\"321c6ec\" data-element_type=\"widget\" data-e-type=\"widget\" data-settings=\"{&quot;video_type&quot;:&quot;hosted&quot;,&quot;show_image_overlay&quot;:&quot;yes&quot;,&quot;image_overlay&quot;:{&quot;url&quot;:&quot;https:\\\/\\\/shahrzadart.ch\\\/wp-content\\\/uploads\\\/2024\\\/10\\\/D859074-scaled.jpg&quot;,&quot;id&quot;:1576,&quot;size&quot;:&quot;&quot;,&quot;alt&quot;:&quot;&quot;,&quot;source&quot;:&quot;library&quot;},&quot;controls&quot;:&quot;yes&quot;}\" data-widget_type=\"video.default\">\n\t\t\t\t<div class=\"elementor-widget-container\">\n\t\t\t\t\t\t\t<div class=\"e-hosted-video elementor-wrapper elementor-open-inline\">\n\t\t\t\t\t<video class=\"elementor-video\" src=\"https:\/\/shahrzadart.ch\/wp-content\/uploads\/2025\/01\/IMG_7643.mov\" controls=\"\" preload=\"metadata\" controlsList=\"nodownload\" poster=\"https:\/\/shahrzadart.ch\/wp-content\/uploads\/2024\/10\/D859074-scaled.jpg\"><\/video>\n\t\t\t\t\t\t<div class=\"elementor-custom-embed-image-overlay\" style=\"background-image: url(https:\/\/shahrzadart.ch\/wp-content\/uploads\/2024\/10\/D859074-scaled.jpg);\">\n\t\t\t\t\t\t\t\t\t\t\t\t\t\t\t\t<div class=\"elementor-custom-embed-play\" role=\"button\" aria-label=\"Video abspielen\" tabindex=\"0\">\n\t\t\t\t\t\t\t<i aria-hidden=\"true\" class=\"eicon-play\"><\/i>\t\t\t\t\t\t<\/div>\n\t\t\t\t\t\t\t\t\t<\/div>\n\t\t\t\t\t<\/div>\n\t\t\t\t\t\t<\/div>\n\t\t\t\t<\/div>\n\t\t\t\t\t<\/div>\n\t\t<\/div>\n\t\t\t\t<div class=\"elementor-column elementor-col-50 elementor-top-column elementor-element elementor-element-cf7bf70\" data-id=\"cf7bf70\" data-element_type=\"column\" data-e-type=\"column\">\n\t\t\t<div class=\"elementor-widget-wrap elementor-element-populated\">\n\t\t\t\t\t\t<div class=\"elementor-element elementor-element-5ebbc12 elementor-widget elementor-widget-text-editor\" data-id=\"5ebbc12\" data-element_type=\"widget\" data-e-type=\"widget\" data-widget_type=\"text-editor.default\">\n\t\t\t\t<div class=\"elementor-widget-container\">\n\t\t\t\t\t\t\t\t\t<p>Ich unterrichte Tanzkurse in verschiedenen Stilen, darunter iranischer Tanz, Hip-Hop und Zumba, und biete sowohl Gruppen- als auch Privatstunden an. Meine Leidenschaft ist es, Menschen jeden Alters zu inspirieren, durch Tanz ihre Einzigartigkeit zu entdecken und ihr Selbstbewusstsein zu st\u00e4rken. Besonders am Herzen liegen mir Kinder, denn ich bin \u00fcberzeugt, dass in jedem Kind ein verborgenes Talent schlummert, das es durch Bewegung und Musik zu f\u00f6rdern gilt.<\/p><p>Neben meiner Arbeit als Tanzlehrerin bin ich auch K\u00fcnstlerin. Ich male abstrakte Bilder, die von Emotionen und Geschichten inspiriert sind. Diese k\u00f6nnen individuell bestellt werden \u2013 entweder als einzigartiges Kunstwerk f\u00fcr Ihr Zuhause oder als besonderes Geschenk.<\/p><p>F\u00fcr Geburtstage und andere Anl\u00e4sse biete ich auch Gutscheine f\u00fcr Tanzkurse an \u2013 eine tolle M\u00f6glichkeit, Bewegung und Freude zu schenken. Meine Kurse finden an verschiedenen Orten statt, und mein Kalender informiert Sie, wann und wo Sie teilnehmen k\u00f6nnen. Bitte beachten Sie, dass w\u00e4hrend der Schulferien keine Kurse stattfinden.<\/p><p>Mein Ziel ist es, durch Tanz positive Energie, Freude und Kreativit\u00e4t zu verbreiten. Ich freue mich darauf, Sie auf der Tanzfl\u00e4che willkommen zu heissen und gemeinsam unvergessliche Momente zu schaffen.<\/p>\t\t\t\t\t\t\t\t<\/div>\n\t\t\t\t<\/div>\n\t\t\t\t\t<\/div>\n\t\t<\/div>\n\t\t\t\t\t<\/div>\n\t\t<\/section>\n\t\t\t\t<section class=\"elementor-section elementor-top-section elementor-element elementor-element-9c7ae6a elementor-section-boxed elementor-section-height-default elementor-section-height-default\" data-id=\"9c7ae6a\" data-element_type=\"section\" data-e-type=\"section\">\n\t\t\t\t\t\t<div class=\"elementor-container elementor-column-gap-default\">\n\t\t\t\t\t<div class=\"elementor-column elementor-col-100 elementor-top-column elementor-element elementor-element-63f89d4\" data-id=\"63f89d4\" data-element_type=\"column\" data-e-type=\"column\">\n\t\t\t<div class=\"elementor-widget-wrap\">\n\t\t\t\t\t\t\t<\/div>\n\t\t<\/div>\n\t\t\t\t\t<\/div>\n\t\t<\/section>\n\t\t\t\t<\/div>\n\t\t","protected":false},"excerpt":{"rendered":"<p>https:\/\/shahrzadart.ch\/wp-content\/uploads\/2025\/01\/IMG_7643.mov Ich unterrichte Tanzkurse in verschiedenen Stilen, darunter iranischer Tanz, Hip-Hop und Zumba, und biete sowohl Gruppen- als auch Privatstunden an. Meine Leidenschaft ist es, Menschen jeden Alters zu inspirieren, durch Tanz ihre Einzigartigkeit zu entdecken und ihr Selbstbewusstsein zu st\u00e4rken. Besonders am Herzen liegen mir Kinder, denn ich bin \u00fcberzeugt, dass in jedem Kind [&hellip;]<\/p>\n","protected":false},"author":1,"featured_media":0,"parent":0,"menu_order":0,"comment_status":"closed","ping_status":"closed","template":"elementor_header_footer","meta":{"footnotes":""},"class_list":["post-1026","page","type-page","status-publish","hentry"],"yoast_head":"<!-- This site is optimized with the Yoast SEO plugin v27.3 - https:\/\/yoast.com\/product\/yoast-seo-wordpress\/ -->\n<title>\u00dcber mich - Tanzen Schweiz Z\u00fcrich<\/title>\n<meta name=\"robots\" content=\"index, follow, max-snippet:-1, max-image-preview:large, max-video-preview:-1\" \/>\n<link rel=\"canonical\" href=\"https:\/\/shahrzadart.ch\/de\/ueber-mich\" \/>\n<meta property=\"og:locale\" content=\"de_DE\" \/>\n<meta property=\"og:type\" content=\"article\" \/>\n<meta property=\"og:title\" content=\"\u00dcber mich - Tanzen Schweiz Z\u00fcrich\" \/>\n<meta property=\"og:description\" content=\"https:\/\/shahrzadart.ch\/wp-content\/uploads\/2025\/01\/IMG_7643.mov Ich unterrichte Tanzkurse in verschiedenen Stilen, darunter iranischer Tanz, Hip-Hop und Zumba, und biete sowohl Gruppen- als auch Privatstunden an. Meine Leidenschaft ist es, Menschen jeden Alters zu inspirieren, durch Tanz ihre Einzigartigkeit zu entdecken und ihr Selbstbewusstsein zu st\u00e4rken. Besonders am Herzen liegen mir Kinder, denn ich bin \u00fcberzeugt, dass in jedem Kind [&hellip;]\" \/>\n<meta property=\"og:url\" content=\"https:\/\/shahrzadart.ch\/de\/ueber-mich\" \/>\n<meta property=\"og:site_name\" content=\"Tanzen Schweiz Z\u00fcrich\" \/>\n<meta property=\"article:modified_time\" content=\"2025-01-13T19:15:21+00:00\" \/>\n<meta name=\"twitter:card\" content=\"summary_large_image\" \/>\n<meta name=\"twitter:label1\" content=\"Gesch\u00e4tzte Lesezeit\" \/>\n\t<meta name=\"twitter:data1\" content=\"2\u00a0Minuten\" \/>\n<script type=\"application\/ld+json\" class=\"yoast-schema-graph\">{\"@context\":\"https:\\\/\\\/schema.org\",\"@graph\":[{\"@type\":\"WebPage\",\"@id\":\"https:\\\/\\\/shahrzadart.ch\\\/de\\\/ueber-mich\",\"url\":\"https:\\\/\\\/shahrzadart.ch\\\/de\\\/ueber-mich\",\"name\":\"\u00dcber mich - Tanzen Schweiz Z\u00fcrich\",\"isPartOf\":{\"@id\":\"https:\\\/\\\/shahrzadart.ch\\\/de\\\/#website\"},\"datePublished\":\"2024-08-14T10:10:55+00:00\",\"dateModified\":\"2025-01-13T19:15:21+00:00\",\"breadcrumb\":{\"@id\":\"https:\\\/\\\/shahrzadart.ch\\\/de\\\/ueber-mich#breadcrumb\"},\"inLanguage\":\"de\",\"potentialAction\":[{\"@type\":\"ReadAction\",\"target\":[\"https:\\\/\\\/shahrzadart.ch\\\/de\\\/ueber-mich\"]}]},{\"@type\":\"BreadcrumbList\",\"@id\":\"https:\\\/\\\/shahrzadart.ch\\\/de\\\/ueber-mich#breadcrumb\",\"itemListElement\":[{\"@type\":\"ListItem\",\"position\":1,\"name\":\"Startseite\",\"item\":\"https:\\\/\\\/shahrzadart.ch\\\/\"},{\"@type\":\"ListItem\",\"position\":2,\"name\":\"\u00dcber mich\"}]},{\"@type\":\"WebSite\",\"@id\":\"https:\\\/\\\/shahrzadart.ch\\\/de\\\/#website\",\"url\":\"https:\\\/\\\/shahrzadart.ch\\\/de\\\/\",\"name\":\"Tanzen Schweiz Z\u00fcrich\",\"description\":\"Tanz Kurse, Frauen Activities, Dancing, Oriental ,Fusion Zumba with Persian Music\",\"publisher\":{\"@id\":\"https:\\\/\\\/shahrzadart.ch\\\/de\\\/#organization\"},\"potentialAction\":[{\"@type\":\"SearchAction\",\"target\":{\"@type\":\"EntryPoint\",\"urlTemplate\":\"https:\\\/\\\/shahrzadart.ch\\\/de\\\/?s={search_term_string}\"},\"query-input\":{\"@type\":\"PropertyValueSpecification\",\"valueRequired\":true,\"valueName\":\"search_term_string\"}}],\"inLanguage\":\"de\"},{\"@type\":\"Organization\",\"@id\":\"https:\\\/\\\/shahrzadart.ch\\\/de\\\/#organization\",\"name\":\"Tanzen Schweiz Z\u00fcrich\",\"url\":\"https:\\\/\\\/shahrzadart.ch\\\/de\\\/\",\"logo\":{\"@type\":\"ImageObject\",\"inLanguage\":\"de\",\"@id\":\"https:\\\/\\\/shahrzadart.ch\\\/de\\\/#\\\/schema\\\/logo\\\/image\\\/\",\"url\":\"https:\\\/\\\/shahrzadart.ch\\\/wp-content\\\/uploads\\\/2024\\\/12\\\/cropped-no-back-logo-2.png\",\"contentUrl\":\"https:\\\/\\\/shahrzadart.ch\\\/wp-content\\\/uploads\\\/2024\\\/12\\\/cropped-no-back-logo-2.png\",\"width\":512,\"height\":512,\"caption\":\"Tanzen Schweiz Z\u00fcrich\"},\"image\":{\"@id\":\"https:\\\/\\\/shahrzadart.ch\\\/de\\\/#\\\/schema\\\/logo\\\/image\\\/\"}}]}<\/script>\n<!-- \/ Yoast SEO plugin. -->","yoast_head_json":{"title":"\u00dcber mich - Tanzen Schweiz Z\u00fcrich","robots":{"index":"index","follow":"follow","max-snippet":"max-snippet:-1","max-image-preview":"max-image-preview:large","max-video-preview":"max-video-preview:-1"},"canonical":"https:\/\/shahrzadart.ch\/de\/ueber-mich","og_locale":"de_DE","og_type":"article","og_title":"\u00dcber mich - Tanzen Schweiz Z\u00fcrich","og_description":"https:\/\/shahrzadart.ch\/wp-content\/uploads\/2025\/01\/IMG_7643.mov Ich unterrichte Tanzkurse in verschiedenen Stilen, darunter iranischer Tanz, Hip-Hop und Zumba, und biete sowohl Gruppen- als auch Privatstunden an. Meine Leidenschaft ist es, Menschen jeden Alters zu inspirieren, durch Tanz ihre Einzigartigkeit zu entdecken und ihr Selbstbewusstsein zu st\u00e4rken. Besonders am Herzen liegen mir Kinder, denn ich bin \u00fcberzeugt, dass in jedem Kind [&hellip;]","og_url":"https:\/\/shahrzadart.ch\/de\/ueber-mich","og_site_name":"Tanzen Schweiz Z\u00fcrich","article_modified_time":"2025-01-13T19:15:21+00:00","twitter_card":"summary_large_image","twitter_misc":{"Gesch\u00e4tzte Lesezeit":"2\u00a0Minuten"},"schema":{"@context":"https:\/\/schema.org","@graph":[{"@type":"WebPage","@id":"https:\/\/shahrzadart.ch\/de\/ueber-mich","url":"https:\/\/shahrzadart.ch\/de\/ueber-mich","name":"\u00dcber mich - Tanzen Schweiz Z\u00fcrich","isPartOf":{"@id":"https:\/\/shahrzadart.ch\/de\/#website"},"datePublished":"2024-08-14T10:10:55+00:00","dateModified":"2025-01-13T19:15:21+00:00","breadcrumb":{"@id":"https:\/\/shahrzadart.ch\/de\/ueber-mich#breadcrumb"},"inLanguage":"de","potentialAction":[{"@type":"ReadAction","target":["https:\/\/shahrzadart.ch\/de\/ueber-mich"]}]},{"@type":"BreadcrumbList","@id":"https:\/\/shahrzadart.ch\/de\/ueber-mich#breadcrumb","itemListElement":[{"@type":"ListItem","position":1,"name":"Startseite","item":"https:\/\/shahrzadart.ch\/"},{"@type":"ListItem","position":2,"name":"\u00dcber mich"}]},{"@type":"WebSite","@id":"https:\/\/shahrzadart.ch\/de\/#website","url":"https:\/\/shahrzadart.ch\/de\/","name":"Tanzen Schweiz Z\u00fcrich","description":"Tanz Kurse, Frauen Activities, Dancing, Oriental ,Fusion Zumba with Persian Music","publisher":{"@id":"https:\/\/shahrzadart.ch\/de\/#organization"},"potentialAction":[{"@type":"SearchAction","target":{"@type":"EntryPoint","urlTemplate":"https:\/\/shahrzadart.ch\/de\/?s={search_term_string}"},"query-input":{"@type":"PropertyValueSpecification","valueRequired":true,"valueName":"search_term_string"}}],"inLanguage":"de"},{"@type":"Organization","@id":"https:\/\/shahrzadart.ch\/de\/#organization","name":"Tanzen Schweiz Z\u00fcrich","url":"https:\/\/shahrzadart.ch\/de\/","logo":{"@type":"ImageObject","inLanguage":"de","@id":"https:\/\/shahrzadart.ch\/de\/#\/schema\/logo\/image\/","url":"https:\/\/shahrzadart.ch\/wp-content\/uploads\/2024\/12\/cropped-no-back-logo-2.png","contentUrl":"https:\/\/shahrzadart.ch\/wp-content\/uploads\/2024\/12\/cropped-no-back-logo-2.png","width":512,"height":512,"caption":"Tanzen Schweiz Z\u00fcrich"},"image":{"@id":"https:\/\/shahrzadart.ch\/de\/#\/schema\/logo\/image\/"}}]}},"_links":{"self":[{"href":"https:\/\/shahrzadart.ch\/de\/wp-json\/wp\/v2\/pages\/1026","targetHints":{"allow":["GET"]}}],"collection":[{"href":"https:\/\/shahrzadart.ch\/de\/wp-json\/wp\/v2\/pages"}],"about":[{"href":"https:\/\/shahrzadart.ch\/de\/wp-json\/wp\/v2\/types\/page"}],"author":[{"embeddable":true,"href":"https:\/\/shahrzadart.ch\/de\/wp-json\/wp\/v2\/users\/1"}],"replies":[{"embeddable":true,"href":"https:\/\/shahrzadart.ch\/de\/wp-json\/wp\/v2\/comments?post=1026"}],"version-history":[{"count":10,"href":"https:\/\/shahrzadart.ch\/de\/wp-json\/wp\/v2\/pages\/1026\/revisions"}],"predecessor-version":[{"id":2751,"href":"https:\/\/shahrzadart.ch\/de\/wp-json\/wp\/v2\/pages\/1026\/revisions\/2751"}],"wp:attachment":[{"href":"https:\/\/shahrzadart.ch\/de\/wp-json\/wp\/v2\/media?parent=1026"}],"curies":[{"name":"wp","href":"https:\/\/api.w.org\/{rel}","templated":true}]}}